{"id":9583,"date":"2019-09-20T02:37:07","date_gmt":"2019-09-19T23:37:07","guid":{"rendered":"http:\/\/shinetheme.com\/travelerdata\/mixmap\/?page_id=9583"},"modified":"2022-11-08T12:39:00","modified_gmt":"2022-11-08T09:39:00","slug":"tranfer-laconia-sparta-athens-van","status":"publish","type":"page","link":"https:\/\/www.laconiatravel.gr\/el\/tranfer-laconia-sparta-athens-van\/","title":{"rendered":"\u039c\u03b5\u03c4\u03b1\u03c6\u03bf\u03c1\u03ac"},"content":{"rendered":"<div class=\"wpb-content-wrapper\"><div class=\"vc_row wpb_row st bg-holder\"><div class='container '><div class='row'>\n\t<div class=\"wpb_column column_container col-md-12\"><div class=\"vc_column-inner wpb_wrapper\">\n\t\t\t<div class=\"vc_empty_space\"   style=\"height: 32px\"><span class=\"vc_empty_space_inner\"><\/span><\/div><\/div>\n\t<\/div> \n<\/div><!--End .row--><\/div><!--End .container--><\/div><div class=\"vc_row wpb_row st bg-holder\"><div class='container '><div class='row'>\n\t<div class=\"wpb_column column_container col-md-12\"><div class=\"vc_column-inner wpb_wrapper\">\n\t\t\t\n<div class=\"vc_grid-container-wrapper vc_clearfix vc_grid-animation-fadeIn\">\n\t<div class=\"vc_grid-container vc_clearfix wpb_content_element vc_basic_grid\" data-initial-loading-animation=\"fadeIn\" data-vc-grid-settings=\"{&quot;page_id&quot;:9583,&quot;style&quot;:&quot;all&quot;,&quot;action&quot;:&quot;vc_get_vc_grid_data&quot;,&quot;shortcode_id&quot;:&quot;1667900289939-cf1d4f71-2018-0&quot;,&quot;tag&quot;:&quot;vc_basic_grid&quot;}\" data-vc-request=\"https:\/\/www.laconiatravel.gr\/wp-admin\/admin-ajax.php\" data-vc-post-id=\"9583\" data-vc-public-nonce=\"ed7cb17ae5\">\n\t\t<style data-type=\"vc_shortcodes-custom-css\">.vc_custom_1419240516480{background-color: #f9f9f9 !important;}<\/style><div class=\"vc_grid vc_row vc_grid-gutter-30px vc_pageable-wrapper vc_hook_hover\" data-vc-pageable-content=\"true\"><div class=\"vc_pageable-slide-wrapper vc_clearfix\" data-vc-grid-content=\"true\"><div class=\"vc_grid-item vc_clearfix vc_col-sm-4 vc_grid-item-zone-c-bottom\"><div class=\"vc_grid-item-mini vc_clearfix \"><div class=\"vc_gitem-animated-block\" ><div class=\"vc_gitem-zone vc_gitem-zone-a vc-gitem-zone-height-mode-auto vc-gitem-zone-height-mode-auto-1-1 vc_gitem-is-link\" style=\"background-image: url('https:\/\/via.placeholder.com\/300x200') !important;\"><a href=\"https:\/\/www.laconiatravel.gr\/el\/hizli-ogrenmek-icin-ideal-secenek-40-burning-hot-slot-demo\/\" title=\"H\u0131zl\u0131 \u00f6\u011frenmek i\u00e7in ideal se\u00e7enek: 40 Burning Hot slot demo\" class=\"vc_gitem-link vc-zone-link\" ><\/a><img decoding=\"async\" class=\"vc_gitem-zone-img\" src=\"https:\/\/via.placeholder.com\/300x200\" alt=\"\" loading=\"lazy\"><div class=\"vc_gitem-zone-mini\"><\/div><\/div><\/div><div class=\"vc_gitem-zone vc_gitem-zone-c vc_custom_1419240516480\"><div class=\"vc_gitem-zone-mini\"><div class=\"vc_gitem_row vc_row vc_gitem-row-position-top\"><div class=\"vc_col-sm-12 vc_gitem-col vc_gitem-col-align-\"><div class=\"vc_custom_heading vc_gitem-post-data vc_gitem-post-data-source-post_title\" ><h4 style=\"text-align: left\" >H\u0131zl\u0131 \u00f6\u011frenmek i\u00e7in ideal se\u00e7enek: 40 Burning Hot slot demo<\/h4><\/div><div class=\"vc_custom_heading vc_gitem-post-data vc_gitem-post-data-source-post_excerpt\" ><p style=\"text-align: left\" ><p>Content EGT 40 Burning Hot bedava oynamak isteyenler i\u00e7in demo s\u00fcr\u00fcm\u00fc mevcuttur. Oyunun sembolleri aras\u0131nda en d\u00fc\u015f\u00fck \u00f6deme yapanlar \u00e7ilek, limon ve karpuz sembolleri. Bu sembollerin her biri, 3 sembol kombinasyonu i\u00e7in 8 kredi \u00f6d\u00fcl\u00fc kazand\u0131r\u0131r. E\u011fer bu sembollerden biri 4 sembol kombinasyonu olarak d\u00fc\u015ferse, oyuncular 20 kredi kazan\u0131rlar. Oyuncular, her bir \u00f6deme hatt\u0131 i\u00e7in [&hellip;]<\/p>\n<\/p><\/div><div class=\"vc_btn3-container vc_btn3-left\"><a class=\"vc_general vc_btn3 vc_btn3-size-md vc_btn3-shape-rounded vc_btn3-style-flat vc_btn3-color-juicy-pink\" a href=\"https:\/\/www.laconiatravel.gr\/el\/hizli-ogrenmek-icin-ideal-secenek-40-burning-hot-slot-demo\/\" class=\"vc_gitem-link vc_general vc_btn3 vc_general vc_btn3 vc_btn3-size-md vc_btn3-shape-rounded vc_btn3-style-flat vc_btn3-color-juicy-pink\" title=\"Read more\">Read more<\/a><\/div><\/div><\/div><\/div><\/div><\/div><div class=\"vc_clearfix\"><\/div><\/div><div class=\"vc_grid-item vc_clearfix vc_col-sm-4 vc_grid-item-zone-c-bottom\"><div class=\"vc_grid-item-mini vc_clearfix \"><div class=\"vc_gitem-animated-block\" ><div class=\"vc_gitem-zone vc_gitem-zone-a vc-gitem-zone-height-mode-auto vc-gitem-zone-height-mode-auto-1-1 vc_gitem-is-link\" style=\"background-image: url('https:\/\/via.placeholder.com\/300x200') !important;\"><a href=\"https:\/\/www.laconiatravel.gr\/el\/ozel-bahis-dinamikleri-turkiye-icin-mostbet-platformunda\/\" title=\"Ozel Bahis Dinamikleri Turkiye Icin Mostbet Platformunda\" class=\"vc_gitem-link vc-zone-link\" ><\/a><img decoding=\"async\" class=\"vc_gitem-zone-img\" src=\"https:\/\/via.placeholder.com\/300x200\" alt=\"\" loading=\"lazy\"><div class=\"vc_gitem-zone-mini\"><\/div><\/div><\/div><div class=\"vc_gitem-zone vc_gitem-zone-c vc_custom_1419240516480\"><div class=\"vc_gitem-zone-mini\"><div class=\"vc_gitem_row vc_row vc_gitem-row-position-top\"><div class=\"vc_col-sm-12 vc_gitem-col vc_gitem-col-align-\"><div class=\"vc_custom_heading vc_gitem-post-data vc_gitem-post-data-source-post_title\" ><h4 style=\"text-align: left\" >Ozel Bahis Dinamikleri Turkiye Icin Mostbet Platformunda<\/h4><\/div><div class=\"vc_custom_heading vc_gitem-post-data vc_gitem-post-data-source-post_excerpt\" ><p style=\"text-align: left\" ><p>Content Yerel Liglerde Bahis Se\u00e7eneklerinin Most bet \u00dczerindeki Geli\u015fimi B\u00f6lgesel Spor Takvimine G\u00f6re Most bet Panelinde Bahis Davran\u0131\u015flar\u0131 T\u00fcrkiye Ligi Ma\u00e7lar\u0131nda Oran Oynakl\u0131\u011f\u0131 \u00dczerine Most Bet Analizi Bahis Al\u0131\u015fkanl\u0131klar\u0131na G\u00f6re T\u00fcrkiye&#8217;de Most bet Platformunun Kullan\u0131m\u0131 Kullan\u0131c\u0131lar\u0131n Yerel Tak\u0131mlara Yakla\u015f\u0131m\u0131: Most bet \u00dczerinde Analiz MostBet \u00dczerinde T\u00fcrkiye Bahis Piyasas\u0131n\u0131n G\u00fcnl\u00fck De\u011fi\u015fim Raporlar\u0131 Mostbet, T\u00fcrkiye&#8217;deki bahis tutkunlar\u0131 [&hellip;]<\/p>\n<\/p><\/div><div class=\"vc_btn3-container vc_btn3-left\"><a class=\"vc_general vc_btn3 vc_btn3-size-md vc_btn3-shape-rounded vc_btn3-style-flat vc_btn3-color-juicy-pink\" a href=\"https:\/\/www.laconiatravel.gr\/el\/ozel-bahis-dinamikleri-turkiye-icin-mostbet-platformunda\/\" class=\"vc_gitem-link vc_general vc_btn3 vc_general vc_btn3 vc_btn3-size-md vc_btn3-shape-rounded vc_btn3-style-flat vc_btn3-color-juicy-pink\" title=\"Read more\">Read more<\/a><\/div><\/div><\/div><\/div><\/div><\/div><div class=\"vc_clearfix\"><\/div><\/div><\/div><\/div>\n\t<\/div>\n<\/div><div class=\"vc_empty_space\"   style=\"height: 32px\"><span class=\"vc_empty_space_inner\"><\/span><\/div>\n\t<div class=\"wpb_text_column wpb_content_element\" >\n\t\t<div class=\"wpb_wrapper\">\n\t\t\t<p style=\"text-align: center;\"><strong>Transfer Laconia Sparta Athens van<\/strong><\/p>\n<p style=\"text-align: center;\"><strong>Laconia Travel provides <a href=\"https:\/\/www.laconiatravel.gr\/tours-activities-laconia-sparti\/\">tailor made transfers<\/a> according to your plan!<\/strong><\/p>\n<p style=\"text-align: center;\"><strong>We provide tranfers from <a href=\"https:\/\/www.aia.gr\/el\/traveler\">Athens<\/a> and Kalamata airports to Sparta via our mini van. We also organise daily tours in Laconia region.\u00a0<\/strong><\/p>\n<p style=\"text-align: center;\"><strong>The Opel Vivaro from the German automaker Opel was launched in September 2001. While the Vivaro is sold as an Opel in most European markets, in the United Kingdom it was sold as a Vauxhall. The Vivaro is primarily manufactured at GM Manufacturing Luton (previously IBC) in Luton, England and by Nissan at their\u00a0<a title=\"Zona Franca (Barcelona)\" href=\"https:\/\/en.wikipedia.org\/wiki\/Zona_Franca_(Barcelona)\">Zona Franca (Barcelona)<\/a>\u00a0facility in Spain.<\/strong><\/p>\n<p style=\"text-align: center;\"><strong>The Vivaro is available in panel van, minibus, combined bus\/van, and platform crew cab configurations. Two different wheelbase styles, and two roof height options are also available, as well as three diesel engine power options and a petrol engine.<\/strong><\/p>\n\n\t\t<\/div>\n\t<\/div>\n<\/div>\n\t<\/div> \n<\/div><!--End .row--><\/div><!--End .container--><\/div>\n<\/div>","protected":false},"excerpt":{"rendered":"H\u0131zl\u0131 \u00f6\u011frenmek i\u00e7in ideal se\u00e7enek: 40 Burning Hot slot demoContent EGT 40 Burning Hot bedava oynamak isteyenler i\u00e7in demo s\u00fcr\u00fcm\u00fc mevcuttur. Oyunun sembolleri aras\u0131nda en d\u00fc\u015f\u00fck \u00f6deme yapanlar \u00e7ilek, limon ve karpuz sembolleri. Bu sembollerin her biri, 3 sembol kombinasyonu i\u00e7in 8 kredi \u00f6d\u00fcl\u00fc kazand\u0131r\u0131r. E\u011fer bu sembollerden biri 4 sembol kombinasyonu olarak d\u00fc\u015ferse, oyuncular [...]","protected":false},"author":1,"featured_media":11909,"parent":0,"menu_order":0,"comment_status":"closed","ping_status":"closed","template":"template-home-modern.php","meta":{"footnotes":""},"class_list":["post-9583","page","type-page","status-publish","has-post-thumbnail","hentry"],"yoast_head":"<!-- This site is optimized with the Yoast SEO plugin v27.4 - https:\/\/yoast.com\/product\/yoast-seo-wordpress\/ -->\n<title>tranfer Laconia Sparta athens van Laconiatravel Transfers<\/title>\n<meta name=\"description\" content=\"tranfer Laconia Sparta athens van. We provide tranfers from Athens and Kalamata airports to Sparta via our mini van. Eight seated van.\" \/>\n<meta name=\"robots\" content=\"index, follow, max-snippet:-1, max-image-preview:large, max-video-preview:-1\" \/>\n<link rel=\"canonical\" href=\"https:\/\/www.laconiatravel.gr\/el\/tranfer-laconia-sparta-athens-van\/\" \/>\n<meta property=\"og:locale\" content=\"el_GR\" \/>\n<meta property=\"og:type\" content=\"article\" \/>\n<meta property=\"og:title\" content=\"tranfer Laconia Sparta athens van Laconiatravel Transfers\" \/>\n<meta property=\"og:description\" content=\"tranfer Laconia Sparta athens van. We provide tranfers from Athens and Kalamata airports to Sparta via our mini van. Eight seated van.\" \/>\n<meta property=\"og:url\" content=\"https:\/\/www.laconiatravel.gr\/el\/tranfer-laconia-sparta-athens-van\/\" \/>\n<meta property=\"og:site_name\" content=\"Laconiatravel\" \/>\n<meta property=\"article:modified_time\" content=\"2022-11-08T09:39:00+00:00\" \/>\n<meta property=\"og:image\" content=\"https:\/\/www.laconiatravel.gr\/wp-content\/uploads\/2021\/06\/IMG_20210611_105802-e1623666917966.jpg\" \/>\n\t<meta property=\"og:image:width\" content=\"1500\" \/>\n\t<meta property=\"og:image:height\" content=\"405\" \/>\n\t<meta property=\"og:image:type\" content=\"image\/jpeg\" \/>\n<meta name=\"twitter:card\" content=\"summary_large_image\" \/>\n<meta name=\"twitter:label1\" content=\"\u0395\u03ba\u03c4\u03b9\u03bc\u03ce\u03bc\u03b5\u03bd\u03bf\u03c2 \u03c7\u03c1\u03cc\u03bd\u03bf\u03c2 \u03b1\u03bd\u03ac\u03b3\u03bd\u03c9\u03c3\u03b7\u03c2\" \/>\n\t<meta name=\"twitter:data1\" content=\"1 \u03bb\u03b5\u03c0\u03c4\u03cc\" \/>\n<script type=\"application\/ld+json\" class=\"yoast-schema-graph\">{\"@context\":\"https:\\\/\\\/schema.org\",\"@graph\":[{\"@type\":\"WebPage\",\"@id\":\"https:\\\/\\\/www.laconiatravel.gr\\\/tranfer-laconia-sparta-athens-van\\\/\",\"url\":\"https:\\\/\\\/www.laconiatravel.gr\\\/tranfer-laconia-sparta-athens-van\\\/\",\"name\":\"tranfer Laconia Sparta athens van Laconiatravel Transfers\",\"isPartOf\":{\"@id\":\"https:\\\/\\\/www.laconiatravel.gr\\\/#website\"},\"primaryImageOfPage\":{\"@id\":\"https:\\\/\\\/www.laconiatravel.gr\\\/tranfer-laconia-sparta-athens-van\\\/#primaryimage\"},\"image\":{\"@id\":\"https:\\\/\\\/www.laconiatravel.gr\\\/tranfer-laconia-sparta-athens-van\\\/#primaryimage\"},\"thumbnailUrl\":\"https:\\\/\\\/www.laconiatravel.gr\\\/wp-content\\\/uploads\\\/2021\\\/06\\\/IMG_20210611_105802-e1623666917966.jpg\",\"datePublished\":\"2019-09-19T23:37:07+00:00\",\"dateModified\":\"2022-11-08T09:39:00+00:00\",\"description\":\"tranfer Laconia Sparta athens van. We provide tranfers from Athens and Kalamata airports to Sparta via our mini van. Eight seated van.\",\"breadcrumb\":{\"@id\":\"https:\\\/\\\/www.laconiatravel.gr\\\/tranfer-laconia-sparta-athens-van\\\/#breadcrumb\"},\"inLanguage\":\"el\",\"potentialAction\":[{\"@type\":\"ReadAction\",\"target\":[\"https:\\\/\\\/www.laconiatravel.gr\\\/tranfer-laconia-sparta-athens-van\\\/\"]}]},{\"@type\":\"ImageObject\",\"inLanguage\":\"el\",\"@id\":\"https:\\\/\\\/www.laconiatravel.gr\\\/tranfer-laconia-sparta-athens-van\\\/#primaryimage\",\"url\":\"https:\\\/\\\/www.laconiatravel.gr\\\/wp-content\\\/uploads\\\/2021\\\/06\\\/IMG_20210611_105802-e1623666917966.jpg\",\"contentUrl\":\"https:\\\/\\\/www.laconiatravel.gr\\\/wp-content\\\/uploads\\\/2021\\\/06\\\/IMG_20210611_105802-e1623666917966.jpg\",\"width\":1500,\"height\":405,\"caption\":\"tranfers Laconia Sparta athens airport mini van\"},{\"@type\":\"BreadcrumbList\",\"@id\":\"https:\\\/\\\/www.laconiatravel.gr\\\/tranfer-laconia-sparta-athens-van\\\/#breadcrumb\",\"itemListElement\":[{\"@type\":\"ListItem\",\"position\":1,\"name\":\"\u0391\u03c1\u03c7\u03b9\u03ba\u03ae\",\"item\":\"https:\\\/\\\/www.laconiatravel.gr\\\/\"},{\"@type\":\"ListItem\",\"position\":2,\"name\":\"Transfers\"}]},{\"@type\":\"WebSite\",\"@id\":\"https:\\\/\\\/www.laconiatravel.gr\\\/#website\",\"url\":\"https:\\\/\\\/www.laconiatravel.gr\\\/\",\"name\":\"Laconiatravel\",\"description\":\"Laconia Travel\",\"potentialAction\":[{\"@type\":\"SearchAction\",\"target\":{\"@type\":\"EntryPoint\",\"urlTemplate\":\"https:\\\/\\\/www.laconiatravel.gr\\\/?s={search_term_string}\"},\"query-input\":{\"@type\":\"PropertyValueSpecification\",\"valueRequired\":true,\"valueName\":\"search_term_string\"}}],\"inLanguage\":\"el\"}]}<\/script>\n<!-- \/ Yoast SEO plugin. -->","yoast_head_json":{"title":"tranfer Laconia Sparta athens van Laconiatravel Transfers","description":"tranfer Laconia Sparta athens van. We provide tranfers from Athens and Kalamata airports to Sparta via our mini van. Eight seated van.","robots":{"index":"index","follow":"follow","max-snippet":"max-snippet:-1","max-image-preview":"max-image-preview:large","max-video-preview":"max-video-preview:-1"},"canonical":"https:\/\/www.laconiatravel.gr\/el\/tranfer-laconia-sparta-athens-van\/","og_locale":"el_GR","og_type":"article","og_title":"tranfer Laconia Sparta athens van Laconiatravel Transfers","og_description":"tranfer Laconia Sparta athens van. We provide tranfers from Athens and Kalamata airports to Sparta via our mini van. Eight seated van.","og_url":"https:\/\/www.laconiatravel.gr\/el\/tranfer-laconia-sparta-athens-van\/","og_site_name":"Laconiatravel","article_modified_time":"2022-11-08T09:39:00+00:00","og_image":[{"width":1500,"height":405,"url":"https:\/\/www.laconiatravel.gr\/wp-content\/uploads\/2021\/06\/IMG_20210611_105802-e1623666917966.jpg","type":"image\/jpeg"}],"twitter_card":"summary_large_image","twitter_misc":{"\u0395\u03ba\u03c4\u03b9\u03bc\u03ce\u03bc\u03b5\u03bd\u03bf\u03c2 \u03c7\u03c1\u03cc\u03bd\u03bf\u03c2 \u03b1\u03bd\u03ac\u03b3\u03bd\u03c9\u03c3\u03b7\u03c2":"1 \u03bb\u03b5\u03c0\u03c4\u03cc"},"schema":{"@context":"https:\/\/schema.org","@graph":[{"@type":"WebPage","@id":"https:\/\/www.laconiatravel.gr\/tranfer-laconia-sparta-athens-van\/","url":"https:\/\/www.laconiatravel.gr\/tranfer-laconia-sparta-athens-van\/","name":"tranfer Laconia Sparta athens van Laconiatravel Transfers","isPartOf":{"@id":"https:\/\/www.laconiatravel.gr\/#website"},"primaryImageOfPage":{"@id":"https:\/\/www.laconiatravel.gr\/tranfer-laconia-sparta-athens-van\/#primaryimage"},"image":{"@id":"https:\/\/www.laconiatravel.gr\/tranfer-laconia-sparta-athens-van\/#primaryimage"},"thumbnailUrl":"https:\/\/www.laconiatravel.gr\/wp-content\/uploads\/2021\/06\/IMG_20210611_105802-e1623666917966.jpg","datePublished":"2019-09-19T23:37:07+00:00","dateModified":"2022-11-08T09:39:00+00:00","description":"tranfer Laconia Sparta athens van. We provide tranfers from Athens and Kalamata airports to Sparta via our mini van. Eight seated van.","breadcrumb":{"@id":"https:\/\/www.laconiatravel.gr\/tranfer-laconia-sparta-athens-van\/#breadcrumb"},"inLanguage":"el","potentialAction":[{"@type":"ReadAction","target":["https:\/\/www.laconiatravel.gr\/tranfer-laconia-sparta-athens-van\/"]}]},{"@type":"ImageObject","inLanguage":"el","@id":"https:\/\/www.laconiatravel.gr\/tranfer-laconia-sparta-athens-van\/#primaryimage","url":"https:\/\/www.laconiatravel.gr\/wp-content\/uploads\/2021\/06\/IMG_20210611_105802-e1623666917966.jpg","contentUrl":"https:\/\/www.laconiatravel.gr\/wp-content\/uploads\/2021\/06\/IMG_20210611_105802-e1623666917966.jpg","width":1500,"height":405,"caption":"tranfers Laconia Sparta athens airport mini van"},{"@type":"BreadcrumbList","@id":"https:\/\/www.laconiatravel.gr\/tranfer-laconia-sparta-athens-van\/#breadcrumb","itemListElement":[{"@type":"ListItem","position":1,"name":"\u0391\u03c1\u03c7\u03b9\u03ba\u03ae","item":"https:\/\/www.laconiatravel.gr\/"},{"@type":"ListItem","position":2,"name":"Transfers"}]},{"@type":"WebSite","@id":"https:\/\/www.laconiatravel.gr\/#website","url":"https:\/\/www.laconiatravel.gr\/","name":"Laconiatravel","description":"Laconia Travel","potentialAction":[{"@type":"SearchAction","target":{"@type":"EntryPoint","urlTemplate":"https:\/\/www.laconiatravel.gr\/?s={search_term_string}"},"query-input":{"@type":"PropertyValueSpecification","valueRequired":true,"valueName":"search_term_string"}}],"inLanguage":"el"}]}},"_links":{"self":[{"href":"https:\/\/www.laconiatravel.gr\/el\/wp-json\/wp\/v2\/pages\/9583","targetHints":{"allow":["GET"]}}],"collection":[{"href":"https:\/\/www.laconiatravel.gr\/el\/wp-json\/wp\/v2\/pages"}],"about":[{"href":"https:\/\/www.laconiatravel.gr\/el\/wp-json\/wp\/v2\/types\/page"}],"author":[{"embeddable":true,"href":"https:\/\/www.laconiatravel.gr\/el\/wp-json\/wp\/v2\/users\/1"}],"replies":[{"embeddable":true,"href":"https:\/\/www.laconiatravel.gr\/el\/wp-json\/wp\/v2\/comments?post=9583"}],"version-history":[{"count":21,"href":"https:\/\/www.laconiatravel.gr\/el\/wp-json\/wp\/v2\/pages\/9583\/revisions"}],"predecessor-version":[{"id":12853,"href":"https:\/\/www.laconiatravel.gr\/el\/wp-json\/wp\/v2\/pages\/9583\/revisions\/12853"}],"wp:featuredmedia":[{"embeddable":true,"href":"https:\/\/www.laconiatravel.gr\/el\/wp-json\/wp\/v2\/media\/11909"}],"wp:attachment":[{"href":"https:\/\/www.laconiatravel.gr\/el\/wp-json\/wp\/v2\/media?parent=9583"}],"curies":[{"name":"wp","href":"https:\/\/api.w.org\/{rel}","templated":true}]}}