{"id":10659,"date":"2021-04-15T10:39:30","date_gmt":"2021-04-15T07:39:30","guid":{"rendered":"https:\/\/www.laconiatravel.gr\/test\/?page_id=10659"},"modified":"2022-11-14T12:47:11","modified_gmt":"2022-11-14T09:47:11","slug":"ski-snow-winter-activities-mountain","status":"publish","type":"page","link":"https:\/\/www.laconiatravel.gr\/el\/top-search-layout-activity\/ski-snow-winter-activities-mountain\/","title":{"rendered":"\u03a3\u03ba\u03b9"},"content":{"rendered":"<div class=\"wpb-content-wrapper\"><div class=\"vc_row wpb_row st bg-holder\"><div class='container '><div class='row'>\n\t<div class=\"wpb_column column_container col-md-12\"><div class=\"vc_column-inner wpb_wrapper\">\n\t\t\t<div class=\"vc_empty_space\"   style=\"height: 32px\"><span class=\"vc_empty_space_inner\"><\/span><\/div><\/div>\n\t<\/div> \n<\/div><!--End .row--><\/div><!--End .container--><\/div><div class=\"vc_row wpb_row st bg-holder\"><div class='container '><div class='row'>\n\t<div class=\"wpb_column column_container col-md-12\"><div class=\"vc_column-inner wpb_wrapper\">\n\t\t\t\n<div class=\"vc_grid-container-wrapper vc_clearfix vc_grid-animation-fadeIn\">\n\t<div class=\"vc_grid-container vc_clearfix wpb_content_element vc_basic_grid\" data-initial-loading-animation=\"fadeIn\" data-vc-grid-settings=\"{&quot;page_id&quot;:10659,&quot;style&quot;:&quot;all&quot;,&quot;action&quot;:&quot;vc_get_vc_grid_data&quot;,&quot;shortcode_id&quot;:&quot;1668419207833-10101a34-ba18-6&quot;,&quot;tag&quot;:&quot;vc_basic_grid&quot;}\" data-vc-request=\"https:\/\/www.laconiatravel.gr\/wp-admin\/admin-ajax.php\" data-vc-post-id=\"10659\" data-vc-public-nonce=\"dd109aa401\">\n\t\t<style data-type=\"vc_shortcodes-custom-css\">.vc_custom_1419240516480{background-color: #f9f9f9 !important;}<\/style><div class=\"vc_grid vc_row vc_grid-gutter-30px vc_pageable-wrapper vc_hook_hover\" data-vc-pageable-content=\"true\"><div class=\"vc_pageable-slide-wrapper vc_clearfix\" data-vc-grid-content=\"true\"><div class=\"vc_grid-item vc_clearfix vc_col-sm-4 vc_grid-item-zone-c-bottom\"><div class=\"vc_grid-item-mini vc_clearfix \"><div class=\"vc_gitem-animated-block\" ><div class=\"vc_gitem-zone vc_gitem-zone-a vc-gitem-zone-height-mode-auto vc-gitem-zone-height-mode-auto-1-1 vc_gitem-is-link\" style=\"background-image: url('https:\/\/www.laconiatravel.gr\/wp-content\/uploads\/2022\/02\/IMG_20220206_111349-1024x1024.jpg') !important;\"><a href=\"https:\/\/www.laconiatravel.gr\/el\/st_activity\/menalon-ski-resort\/\" title=\"Menalon ski resort\" class=\"vc_gitem-link vc-zone-link\" ><\/a><img decoding=\"async\" class=\"vc_gitem-zone-img\" src=\"https:\/\/www.laconiatravel.gr\/wp-content\/uploads\/2022\/02\/IMG_20220206_111349-1024x1024.jpg\" alt=\"Menalon ski resort\" loading=\"lazy\"><div class=\"vc_gitem-zone-mini\"><\/div><\/div><\/div><div class=\"vc_gitem-zone vc_gitem-zone-c vc_custom_1419240516480\"><div class=\"vc_gitem-zone-mini\"><div class=\"vc_gitem_row vc_row vc_gitem-row-position-top\"><div class=\"vc_col-sm-12 vc_gitem-col vc_gitem-col-align-\"><div class=\"vc_custom_heading vc_gitem-post-data vc_gitem-post-data-source-post_title\" ><h4 style=\"text-align: left\" >Menalon ski resort<\/h4><\/div><div class=\"vc_custom_heading vc_gitem-post-data vc_gitem-post-data-source-post_excerpt\" ><p style=\"text-align: left\" ><p>&#8220;The ski center&#8221; Menalon ski center is located in the heart of Menalon mountain. Perfect for families We start with our van from Sparti at 08 00 in the morning. At 09 30 o clock we arrive in Menalon ski center, we prepare our gear and start our full-day skiing, snowboarding\u00a0 or sleigh until 16 [&hellip;]<\/p>\n<\/p><\/div><div class=\"vc_btn3-container vc_btn3-left\"><a class=\"vc_general vc_btn3 vc_btn3-size-md vc_btn3-shape-rounded vc_btn3-style-flat vc_btn3-color-juicy-pink\" a href=\"https:\/\/www.laconiatravel.gr\/el\/st_activity\/menalon-ski-resort\/\" class=\"vc_gitem-link vc_general vc_btn3 vc_general vc_btn3 vc_btn3-size-md vc_btn3-shape-rounded vc_btn3-style-flat vc_btn3-color-juicy-pink\" title=\"Read more\">Read more<\/a><\/div><\/div><\/div><\/div><\/div><\/div><div class=\"vc_clearfix\"><\/div><\/div><div class=\"vc_grid-item vc_clearfix vc_col-sm-4 vc_grid-item-zone-c-bottom\"><div class=\"vc_grid-item-mini vc_clearfix \"><div class=\"vc_gitem-animated-block\" ><div class=\"vc_gitem-zone vc_gitem-zone-a vc-gitem-zone-height-mode-auto vc-gitem-zone-height-mode-auto-1-1 vc_gitem-is-link\" style=\"background-image: url('https:\/\/www.laconiatravel.gr\/wp-content\/uploads\/2021\/04\/IMG_20200209_105031-1024x1024.jpg') !important;\"><a href=\"https:\/\/www.laconiatravel.gr\/el\/st_activity\/snow-time\/\" title=\"Snow time Kalavrita\" class=\"vc_gitem-link vc-zone-link\" ><\/a><img decoding=\"async\" class=\"vc_gitem-zone-img\" src=\"https:\/\/www.laconiatravel.gr\/wp-content\/uploads\/2021\/04\/IMG_20200209_105031-1024x1024.jpg\" alt=\"Snow time Kalavrita\" loading=\"lazy\"><div class=\"vc_gitem-zone-mini\"><\/div><\/div><\/div><div class=\"vc_gitem-zone vc_gitem-zone-c vc_custom_1419240516480\"><div class=\"vc_gitem-zone-mini\"><div class=\"vc_gitem_row vc_row vc_gitem-row-position-top\"><div class=\"vc_col-sm-12 vc_gitem-col vc_gitem-col-align-\"><div class=\"vc_custom_heading vc_gitem-post-data vc_gitem-post-data-source-post_title\" ><h4 style=\"text-align: left\" >Snow time Kalavrita<\/h4><\/div><div class=\"vc_custom_heading vc_gitem-post-data vc_gitem-post-data-source-post_excerpt\" ><p style=\"text-align: left\" ><p>&#8220;The ski center&#8221; Kalavrita ski center is one of the biggest in Greece. We start with our van from Sparti at 07 00 in the morning. At 09 00 o clock we arrive in Kalavrita ski center, we prepare our gear and start our full-day skiing or snowboarding until 16 00 when the center closes. [&hellip;]<\/p>\n<\/p><\/div><div class=\"vc_btn3-container vc_btn3-left\"><a class=\"vc_general vc_btn3 vc_btn3-size-md vc_btn3-shape-rounded vc_btn3-style-flat vc_btn3-color-juicy-pink\" a href=\"https:\/\/www.laconiatravel.gr\/el\/st_activity\/snow-time\/\" class=\"vc_gitem-link vc_general vc_btn3 vc_general vc_btn3 vc_btn3-size-md vc_btn3-shape-rounded vc_btn3-style-flat vc_btn3-color-juicy-pink\" title=\"Read more\">Read more<\/a><\/div><\/div><\/div><\/div><\/div><\/div><div class=\"vc_clearfix\"><\/div><\/div><\/div><\/div>\n\t<\/div>\n<\/div><\/div>\n\t<\/div> \n<\/div><!--End .row--><\/div><!--End .container--><\/div><div class=\"vc_row wpb_row st bg-holder\"><div class='container '><div class='row'>\n\t<div class=\"wpb_column column_container col-md-12\"><div class=\"vc_column-inner wpb_wrapper\">\n\t\t\t\n\t<div class=\"wpb_text_column wpb_content_element\" >\n\t\t<div class=\"wpb_wrapper\">\n\t\t\t<h2 style=\"text-align: center;\"><strong>ski snow winter activities mountain<\/strong><\/h2>\n<p style=\"text-align: center;\"><strong>A\u00a0ski\u00a0is a narrow strip of semi-rigid material worn underfoot to glide over snow. Substantially longer than wide and characteristically employed in pairs, skis are attached to\u00a0<a title=\"Ski boot\" href=\"https:\/\/en.wikipedia.org\/wiki\/Ski_boot\">ski boots<\/a>\u00a0with\u00a0<a title=\"Ski binding\" href=\"https:\/\/en.wikipedia.org\/wiki\/Ski_binding\">ski bindings<\/a>, with either a free, lockable, or partially secured heel. For climbing slopes,\u00a0<a title=\"Ski skins\" href=\"https:\/\/en.wikipedia.org\/wiki\/Ski_skins\">ski skins<\/a>\u00a0(originally made of seal fur, but now made of synthetic materials) can be attached at the base of the ski. ski snow winter activities mountain<\/strong><\/p>\n<p style=\"text-align: center;\"><strong>Originally intended as an aid to travel over snow, they are now mainly used recreationally in the sport of\u00a0<a title=\"Skiing\" href=\"https:\/\/en.wikipedia.org\/wiki\/Skiing\">skiing<\/a>.<\/strong><\/p>\n<p style=\"text-align: center;\"><strong>The word\u00a0<i>ski<\/i>\u00a0comes from the\u00a0<a title=\"Old Norse\" href=\"https:\/\/en.wikipedia.org\/wiki\/Old_Norse\">Old Norse<\/a>\u00a0word\u00a0<i lang=\"non\" title=\"Old Norse-language text\">sk\u00ed\u00f0<\/i>\u00a0which means \u201ccleft wood\u201d,<sup id=\"cite_ref-:0_1-0\" class=\"reference\"><\/sup>\u00a0\u201cstick of wood\u201d or \u201cski\u201d.<sup id=\"cite_ref-2\" class=\"reference\"><\/sup>\u00a0In Old Norse common phrases describing skiing were\u00a0<i>fara \u00e1 sk\u00ed\u00f0um<\/i>\u00a0(to travel, move fast on skis),\u00a0<i>renna<\/i>\u00a0(to move swiftly) and\u00a0<i>skr\u00ed\u00f0a \u00e1 sk\u00ed\u00f0um<\/i>\u00a0(to stride on skis).<sup id=\"cite_ref-3\" class=\"reference\"><\/sup>\u00a0In modern Norwegian the word\u00a0<i>ski<\/i>\u00a0has largely retained the Old Norse meaning in words for split firewood, wood building materials (such as\u00a0<a title=\"Bargeboard\" href=\"https:\/\/en.wikipedia.org\/wiki\/Bargeboard\">bargeboards<\/a>) and\u00a0<a title=\"Roundpole fence\" href=\"https:\/\/en.wikipedia.org\/wiki\/Roundpole_fence\">roundpole fence<\/a>.<sup id=\"cite_ref-4\" class=\"reference\"><\/sup><sup id=\"cite_ref-5\" class=\"reference\"><\/sup><sup id=\"cite_ref-:1_6-0\" class=\"reference\"><\/sup>\u00a0In\u00a0<a title=\"Norwegian language\" href=\"https:\/\/en.wikipedia.org\/wiki\/Norwegian_language\">Norwegian<\/a>\u00a0this word is usually pronounced\u00a0<small><\/small>. In\u00a0<a title=\"Swedish language\" href=\"https:\/\/en.wikipedia.org\/wiki\/Swedish_language\">Swedish<\/a>, another language evolved from Old Norse, the word is\u00a0<i lang=\"sv\" title=\"Swedish-language text\">skidor.<\/i><\/strong><\/p>\n<p style=\"text-align: center;\"><strong><a title=\"English language\" href=\"https:\/\/en.wikipedia.org\/wiki\/English_language\">English<\/a>\u00a0and\u00a0<a title=\"French language\" href=\"https:\/\/en.wikipedia.org\/wiki\/French_language\">French<\/a>\u00a0use the original Norwegian spelling\u00a0<i lang=\"fr\" title=\"French-language text\">ski<\/i>, and modify the pronunciation. Before 1920, English often called them\u00a0<i>skee<\/i>\u00a0and\u00a0<i>snow-shoe<\/i>.<sup id=\"cite_ref-7\" class=\"reference\"><\/sup>\u00a0In\u00a0<a title=\"Italian language\" href=\"https:\/\/en.wikipedia.org\/wiki\/Italian_language\">Italian<\/a>, it is pronounced similarly to Norwegian, but the spelling is modified accordingly:\u00a0<i lang=\"it\" title=\"Italian-language text\">sci<\/i>\u00a0<small><\/small>.\u00a0<a title=\"Portuguese language\" href=\"https:\/\/en.wikipedia.org\/wiki\/Portuguese_language\">Portuguese<\/a>\u00a0and\u00a0<a title=\"Spanish language\" href=\"https:\/\/en.wikipedia.org\/wiki\/Spanish_language\">Spanish<\/a>\u00a0adapt the word to their linguistic rules:\u00a0<i lang=\"pt\" title=\"Portuguese-language text\">esqui<\/i>\u00a0and\u00a0<i lang=\"es\" title=\"Spanish-language text\">esqu\u00ed<\/i>. In German, spellings\u00a0<i>Ski<\/i>\u00a0and\u00a0<i>Schi<\/i>\u00a0are in use, both pronounced. In\u00a0<a title=\"Dutch language\" href=\"https:\/\/en.wikipedia.org\/wiki\/Dutch_language\">Dutch<\/a>, the word is\u00a0<i lang=\"nl\" title=\"Dutch-language text\">ski<\/i>\u00a0and the pronunciation was originally\u00a0<small><\/small>as in Norwegian, but since approximately the 1960s changed to. In\u00a0<a title=\"Welsh language\" href=\"https:\/\/en.wikipedia.org\/wiki\/Welsh_language\">Welsh<\/a>\u00a0the word is spelled\u00a0<i>sgi<\/i>.<sup id=\"cite_ref-:0_1-1\" class=\"reference\"><\/sup>\u00a0Many languages make a verb form out of the noun, such as\u00a0<i>to ski<\/i>\u00a0in English,\u00a0<i lang=\"fr\" title=\"French-language text\">skier<\/i>\u00a0in French,\u00a0<i lang=\"es\" title=\"Spanish-language text\">esquiar<\/i>\u00a0in Spanish and Portuguese,\u00a0<i lang=\"it\" title=\"Italian-language text\">sciare<\/i>\u00a0in Italian,\u00a0<i lang=\"nl\" title=\"Dutch-language text\">ski\u00ebn<\/i>\u00a0in Dutch, or\u00a0<i lang=\"de\" title=\"German-language text\">Schi laufen<\/i>\u00a0or\u00a0<i lang=\"de\" title=\"German-language text\">Schi fahren<\/i>\u00a0(as above also\u00a0<i lang=\"de\" title=\"German-language text\">Ski laufen<\/i>\u00a0or\u00a0<i lang=\"de\" title=\"German-language text\">Ski fahren<\/i>) in German.<sup id=\"cite_ref-8\" class=\"reference\"><\/sup><sup id=\"cite_ref-9\" class=\"reference\"><\/sup>\u00a0Norwegian and Swedish do not form a verb from the noun.<\/strong><\/p>\n<p style=\"text-align: center;\"><strong>ski snow winter activities mountain<\/strong><\/p>\n\n\t\t<\/div>\n\t<\/div>\n<\/div>\n\t<\/div> \n<\/div><!--End .row--><\/div><!--End .container--><\/div>\n<\/div>","protected":false},"excerpt":{"rendered":"Menalon ski resort&#8220;The ski center&#8221; Menalon ski center is located in the heart of Menalon mountain. Perfect for families We start with our van from Sparti at 08 00 in the morning. At 09 30 o clock we arrive in Menalon ski center, we prepare our gear and start our full-day skiing, snowboarding\u00a0 or sleigh [...]","protected":false},"author":3,"featured_media":10353,"parent":9107,"menu_order":0,"comment_status":"closed","ping_status":"closed","template":"template-home-modern.php","meta":{"footnotes":""},"class_list":["post-10659","page","type-page","status-publish","has-post-thumbnail","hentry"],"yoast_head":"<!-- This site is optimized with the Yoast SEO plugin v27.4 - https:\/\/yoast.com\/product\/yoast-seo-wordpress\/ -->\n<title>ski snow winter activities mountain Winter Ski - Laconiatravel<\/title>\n<meta name=\"description\" content=\"ski snow winter activities mountain Laconiatravel Winter Ski - A ski is a narrow strip of semi-rigid material worn underfoot to glide over.\" \/>\n<meta name=\"robots\" content=\"index, follow, max-snippet:-1, max-image-preview:large, max-video-preview:-1\" \/>\n<link rel=\"canonical\" href=\"https:\/\/www.laconiatravel.gr\/el\/top-search-layout-activity\/ski-snow-winter-activities-mountain\/\" \/>\n<meta property=\"og:locale\" content=\"el_GR\" \/>\n<meta property=\"og:type\" content=\"article\" \/>\n<meta property=\"og:title\" content=\"ski snow winter activities mountain Winter Ski - Laconiatravel\" \/>\n<meta property=\"og:description\" content=\"ski snow winter activities mountain Laconiatravel Winter Ski - A ski is a narrow strip of semi-rigid material worn underfoot to glide over.\" \/>\n<meta property=\"og:url\" content=\"https:\/\/www.laconiatravel.gr\/el\/top-search-layout-activity\/ski-snow-winter-activities-mountain\/\" \/>\n<meta property=\"og:site_name\" content=\"Laconiatravel\" \/>\n<meta property=\"article:modified_time\" content=\"2022-11-14T09:47:11+00:00\" \/>\n<meta property=\"og:image\" content=\"https:\/\/www.laconiatravel.gr\/wp-content\/uploads\/2021\/04\/IMG_20210329_120938.jpg\" \/>\n\t<meta property=\"og:image:width\" content=\"593\" \/>\n\t<meta property=\"og:image:height\" content=\"790\" \/>\n\t<meta property=\"og:image:type\" content=\"image\/jpeg\" \/>\n<meta name=\"twitter:card\" content=\"summary_large_image\" \/>\n<meta name=\"twitter:label1\" content=\"\u0395\u03ba\u03c4\u03b9\u03bc\u03ce\u03bc\u03b5\u03bd\u03bf\u03c2 \u03c7\u03c1\u03cc\u03bd\u03bf\u03c2 \u03b1\u03bd\u03ac\u03b3\u03bd\u03c9\u03c3\u03b7\u03c2\" \/>\n\t<meta name=\"twitter:data1\" content=\"2 \u03bb\u03b5\u03c0\u03c4\u03ac\" \/>\n<script type=\"application\/ld+json\" class=\"yoast-schema-graph\">{\"@context\":\"https:\\\/\\\/schema.org\",\"@graph\":[{\"@type\":\"WebPage\",\"@id\":\"https:\\\/\\\/www.laconiatravel.gr\\\/el\\\/top-search-layout-activity\\\/ski-snow-winter-activities-mountain\\\/\",\"url\":\"https:\\\/\\\/www.laconiatravel.gr\\\/el\\\/top-search-layout-activity\\\/ski-snow-winter-activities-mountain\\\/\",\"name\":\"ski snow winter activities mountain Winter Ski - Laconiatravel\",\"isPartOf\":{\"@id\":\"https:\\\/\\\/www.laconiatravel.gr\\\/#website\"},\"primaryImageOfPage\":{\"@id\":\"https:\\\/\\\/www.laconiatravel.gr\\\/el\\\/top-search-layout-activity\\\/ski-snow-winter-activities-mountain\\\/#primaryimage\"},\"image\":{\"@id\":\"https:\\\/\\\/www.laconiatravel.gr\\\/el\\\/top-search-layout-activity\\\/ski-snow-winter-activities-mountain\\\/#primaryimage\"},\"thumbnailUrl\":\"https:\\\/\\\/www.laconiatravel.gr\\\/wp-content\\\/uploads\\\/2021\\\/04\\\/IMG_20210329_120938.jpg\",\"datePublished\":\"2021-04-15T07:39:30+00:00\",\"dateModified\":\"2022-11-14T09:47:11+00:00\",\"description\":\"ski snow winter activities mountain Laconiatravel Winter Ski - A ski is a narrow strip of semi-rigid material worn underfoot to glide over.\",\"breadcrumb\":{\"@id\":\"https:\\\/\\\/www.laconiatravel.gr\\\/el\\\/top-search-layout-activity\\\/ski-snow-winter-activities-mountain\\\/#breadcrumb\"},\"inLanguage\":\"el\",\"potentialAction\":[{\"@type\":\"ReadAction\",\"target\":[\"https:\\\/\\\/www.laconiatravel.gr\\\/el\\\/top-search-layout-activity\\\/ski-snow-winter-activities-mountain\\\/\"]}]},{\"@type\":\"ImageObject\",\"inLanguage\":\"el\",\"@id\":\"https:\\\/\\\/www.laconiatravel.gr\\\/el\\\/top-search-layout-activity\\\/ski-snow-winter-activities-mountain\\\/#primaryimage\",\"url\":\"https:\\\/\\\/www.laconiatravel.gr\\\/wp-content\\\/uploads\\\/2021\\\/04\\\/IMG_20210329_120938.jpg\",\"contentUrl\":\"https:\\\/\\\/www.laconiatravel.gr\\\/wp-content\\\/uploads\\\/2021\\\/04\\\/IMG_20210329_120938.jpg\",\"width\":593,\"height\":790,\"caption\":\"ski snow winter activities mountain\"},{\"@type\":\"BreadcrumbList\",\"@id\":\"https:\\\/\\\/www.laconiatravel.gr\\\/el\\\/top-search-layout-activity\\\/ski-snow-winter-activities-mountain\\\/#breadcrumb\",\"itemListElement\":[{\"@type\":\"ListItem\",\"position\":1,\"name\":\"\u0391\u03c1\u03c7\u03b9\u03ba\u03ae\",\"item\":\"https:\\\/\\\/www.laconiatravel.gr\\\/\"},{\"@type\":\"ListItem\",\"position\":2,\"name\":\"Activities\",\"item\":\"https:\\\/\\\/www.laconiatravel.gr\\\/el\\\/top-search-layout-activity\\\/\"},{\"@type\":\"ListItem\",\"position\":3,\"name\":\"Winter Ski\"}]},{\"@type\":\"WebSite\",\"@id\":\"https:\\\/\\\/www.laconiatravel.gr\\\/#website\",\"url\":\"https:\\\/\\\/www.laconiatravel.gr\\\/\",\"name\":\"Laconiatravel\",\"description\":\"Laconia Travel\",\"potentialAction\":[{\"@type\":\"SearchAction\",\"target\":{\"@type\":\"EntryPoint\",\"urlTemplate\":\"https:\\\/\\\/www.laconiatravel.gr\\\/?s={search_term_string}\"},\"query-input\":{\"@type\":\"PropertyValueSpecification\",\"valueRequired\":true,\"valueName\":\"search_term_string\"}}],\"inLanguage\":\"el\"}]}<\/script>\n<!-- \/ Yoast SEO plugin. -->","yoast_head_json":{"title":"ski snow winter activities mountain Winter Ski - Laconiatravel","description":"ski snow winter activities mountain Laconiatravel Winter Ski - A ski is a narrow strip of semi-rigid material worn underfoot to glide over.","robots":{"index":"index","follow":"follow","max-snippet":"max-snippet:-1","max-image-preview":"max-image-preview:large","max-video-preview":"max-video-preview:-1"},"canonical":"https:\/\/www.laconiatravel.gr\/el\/top-search-layout-activity\/ski-snow-winter-activities-mountain\/","og_locale":"el_GR","og_type":"article","og_title":"ski snow winter activities mountain Winter Ski - Laconiatravel","og_description":"ski snow winter activities mountain Laconiatravel Winter Ski - A ski is a narrow strip of semi-rigid material worn underfoot to glide over.","og_url":"https:\/\/www.laconiatravel.gr\/el\/top-search-layout-activity\/ski-snow-winter-activities-mountain\/","og_site_name":"Laconiatravel","article_modified_time":"2022-11-14T09:47:11+00:00","og_image":[{"width":593,"height":790,"url":"https:\/\/www.laconiatravel.gr\/wp-content\/uploads\/2021\/04\/IMG_20210329_120938.jpg","type":"image\/jpeg"}],"twitter_card":"summary_large_image","twitter_misc":{"\u0395\u03ba\u03c4\u03b9\u03bc\u03ce\u03bc\u03b5\u03bd\u03bf\u03c2 \u03c7\u03c1\u03cc\u03bd\u03bf\u03c2 \u03b1\u03bd\u03ac\u03b3\u03bd\u03c9\u03c3\u03b7\u03c2":"2 \u03bb\u03b5\u03c0\u03c4\u03ac"},"schema":{"@context":"https:\/\/schema.org","@graph":[{"@type":"WebPage","@id":"https:\/\/www.laconiatravel.gr\/el\/top-search-layout-activity\/ski-snow-winter-activities-mountain\/","url":"https:\/\/www.laconiatravel.gr\/el\/top-search-layout-activity\/ski-snow-winter-activities-mountain\/","name":"ski snow winter activities mountain Winter Ski - Laconiatravel","isPartOf":{"@id":"https:\/\/www.laconiatravel.gr\/#website"},"primaryImageOfPage":{"@id":"https:\/\/www.laconiatravel.gr\/el\/top-search-layout-activity\/ski-snow-winter-activities-mountain\/#primaryimage"},"image":{"@id":"https:\/\/www.laconiatravel.gr\/el\/top-search-layout-activity\/ski-snow-winter-activities-mountain\/#primaryimage"},"thumbnailUrl":"https:\/\/www.laconiatravel.gr\/wp-content\/uploads\/2021\/04\/IMG_20210329_120938.jpg","datePublished":"2021-04-15T07:39:30+00:00","dateModified":"2022-11-14T09:47:11+00:00","description":"ski snow winter activities mountain Laconiatravel Winter Ski - A ski is a narrow strip of semi-rigid material worn underfoot to glide over.","breadcrumb":{"@id":"https:\/\/www.laconiatravel.gr\/el\/top-search-layout-activity\/ski-snow-winter-activities-mountain\/#breadcrumb"},"inLanguage":"el","potentialAction":[{"@type":"ReadAction","target":["https:\/\/www.laconiatravel.gr\/el\/top-search-layout-activity\/ski-snow-winter-activities-mountain\/"]}]},{"@type":"ImageObject","inLanguage":"el","@id":"https:\/\/www.laconiatravel.gr\/el\/top-search-layout-activity\/ski-snow-winter-activities-mountain\/#primaryimage","url":"https:\/\/www.laconiatravel.gr\/wp-content\/uploads\/2021\/04\/IMG_20210329_120938.jpg","contentUrl":"https:\/\/www.laconiatravel.gr\/wp-content\/uploads\/2021\/04\/IMG_20210329_120938.jpg","width":593,"height":790,"caption":"ski snow winter activities mountain"},{"@type":"BreadcrumbList","@id":"https:\/\/www.laconiatravel.gr\/el\/top-search-layout-activity\/ski-snow-winter-activities-mountain\/#breadcrumb","itemListElement":[{"@type":"ListItem","position":1,"name":"\u0391\u03c1\u03c7\u03b9\u03ba\u03ae","item":"https:\/\/www.laconiatravel.gr\/"},{"@type":"ListItem","position":2,"name":"Activities","item":"https:\/\/www.laconiatravel.gr\/el\/top-search-layout-activity\/"},{"@type":"ListItem","position":3,"name":"Winter Ski"}]},{"@type":"WebSite","@id":"https:\/\/www.laconiatravel.gr\/#website","url":"https:\/\/www.laconiatravel.gr\/","name":"Laconiatravel","description":"Laconia Travel","potentialAction":[{"@type":"SearchAction","target":{"@type":"EntryPoint","urlTemplate":"https:\/\/www.laconiatravel.gr\/?s={search_term_string}"},"query-input":{"@type":"PropertyValueSpecification","valueRequired":true,"valueName":"search_term_string"}}],"inLanguage":"el"}]}},"_links":{"self":[{"href":"https:\/\/www.laconiatravel.gr\/el\/wp-json\/wp\/v2\/pages\/10659","targetHints":{"allow":["GET"]}}],"collection":[{"href":"https:\/\/www.laconiatravel.gr\/el\/wp-json\/wp\/v2\/pages"}],"about":[{"href":"https:\/\/www.laconiatravel.gr\/el\/wp-json\/wp\/v2\/types\/page"}],"author":[{"embeddable":true,"href":"https:\/\/www.laconiatravel.gr\/el\/wp-json\/wp\/v2\/users\/3"}],"replies":[{"embeddable":true,"href":"https:\/\/www.laconiatravel.gr\/el\/wp-json\/wp\/v2\/comments?post=10659"}],"version-history":[{"count":14,"href":"https:\/\/www.laconiatravel.gr\/el\/wp-json\/wp\/v2\/pages\/10659\/revisions"}],"predecessor-version":[{"id":12271,"href":"https:\/\/www.laconiatravel.gr\/el\/wp-json\/wp\/v2\/pages\/10659\/revisions\/12271"}],"up":[{"embeddable":true,"href":"https:\/\/www.laconiatravel.gr\/el\/wp-json\/wp\/v2\/pages\/9107"}],"wp:featuredmedia":[{"embeddable":true,"href":"https:\/\/www.laconiatravel.gr\/el\/wp-json\/wp\/v2\/media\/10353"}],"wp:attachment":[{"href":"https:\/\/www.laconiatravel.gr\/el\/wp-json\/wp\/v2\/media?parent=10659"}],"curies":[{"name":"wp","href":"https:\/\/api.w.org\/{rel}","templated":true}]}}